{"id":6108,"date":"2022-02-23T13:39:47","date_gmt":"2022-02-23T13:39:47","guid":{"rendered":"https:\/\/www.fuleky-tokaj.hu\/?page_id=6108"},"modified":"2024-10-24T06:24:43","modified_gmt":"2024-10-24T06:24:43","slug":"fuleky-tokaji-aszu-6-puttonyos-2007","status":"publish","type":"page","link":"https:\/\/www.fuleky-tokaj.hu\/eng\/wines\/fuleky-tokaji-aszu-6-puttonyos-2007\/","title":{"rendered":"F\u00dcLEKY TOKAJI ASZ\u00da 6 PUTTONYOS 2007"},"content":{"rendered":"<p>[vc_row][vc_column]<div class=\"qodef-shortcode qodef-m  qodef-separator clear \">\n\t<div class=\"qodef-m-line\" ><\/div>\n<\/div>[vc_column_text css=&#8221;.vc_custom_1645626492124{background-color: #ddce9b !important;background-position: center !important;background-repeat: no-repeat !important;background-size: cover !important;border-radius: 5px !important;}&#8221;]<\/p>\n<h3 style=\"text-align: center;\">F\u00dcLEKY TOKAJI ASZ\u00da 6 PUTTONYOS 2007<\/h3>\n<p>[\/vc_column_text][vc_column_text]<\/p>\n<p style=\"text-align: center;\">(500 ml)<\/p>\n<p>[\/vc_column_text][\/vc_column][\/vc_row][vc_row content_text_alignment=&#8221;k\u00f6z\u00e9p&#8221;][vc_column width=&#8221;2\/3&#8243;][vc_empty_space][vc_column_text]<\/p>\n<div class=\"wpb_text_column wpb_content_element \">\n<div class=\"wpb_wrapper\">\n<div class=\"wpb_text_column wpb_content_element \">\n<div class=\"wpb_wrapper\">\n<div class=\"wpb_text_column wpb_content_element \">\n<div class=\"wpb_wrapper\">\n<p><strong><em>* Decanter 2019: <\/em><em>Gold Medal<\/em><\/strong><\/p>\n<p><strong><em>* Challenge International du Vin 2012: <\/em><em>Gold Medal<\/em><\/strong><\/p>\n<p><em>\u00a0<\/em><\/p>\n<p>A great wine from an excellent vintage with plenty of aging potential. Acacia, freshly cut straw fragrances backed with apricot and spicy aromas. Fresh and youthful asz\u00fa wine, reminiscent of spring blossoming and sunshine. Serve chilled to 12-14 \u00b0C with goose-liver, blue cheese and fruits. Perfect for intimate conversations with friends.<\/p>\n<h6><a href=\"https:\/\/www.fuleky-tokaj.hu\/eng\/wp-content\/uploads\/2022\/05\/Technical-sheet-Aszu-6-p-2007.pdf\" target=\"_blank\" rel=\"noopener\">\u2193\u00a0Download Technical Sheet<\/a><\/h6>\n<p>Food-wine pairing:<\/p>\n<ul>\n<li>terrine de foie gras de canard\/oie with black truffle (Tuber Melanosporum)<\/li>\n<li>pigeon-duck foie gras-black truffle in puff pastry<\/li>\n<li>hare p\u00e2t\u00e9, hare \u00e0 la royale (could be brutal to taste!)<\/li>\n<li>roasted free-range chicken or better, capon or guineafowl with a chocolaty mole poblano<\/li>\n<li>Stilton, very matured vacherin Mont d\u2019Or, runny, oozy matured soft cheeses<\/li>\n<\/ul>\n<p style=\"text-align: right;\"><em>(Csaba Harmath, gastronomic expert)<\/em><\/p>\n<\/div>\n<\/div>\n<\/div>\n<\/div>\n<p>ALCOHOL: 11 %VOL<br \/>\nRESIDUAL SUGAR: 201 G\/L<br \/>\nACIDITY: 7,3 G\/L<\/p>\n<\/div>\n<\/div>\n<p>[\/vc_column_text][\/vc_column][vc_column width=&#8221;1\/3&#8243;][vc_column_text css_animation=&#8221;none&#8221; css=&#8221;.vc_custom_1645627088403{border-radius: 2px !important;}&#8221;]<a href=\"https:\/\/www.fuleky-tokaj.hu\/eng\/wp-content\/uploads\/2022\/02\/ASZU-2007.jpg\"><img loading=\"lazy\" decoding=\"async\" class=\"aligncenter wp-image-6136\" src=\"https:\/\/www.fuleky-tokaj.hu\/eng\/wp-content\/uploads\/2022\/02\/ASZU-2007.jpg\" alt=\"\" width=\"248\" height=\"550\" srcset=\"https:\/\/www.fuleky-tokaj.hu\/eng\/wp-content\/uploads\/2022\/02\/ASZU-2007.jpg 527w, https:\/\/www.fuleky-tokaj.hu\/eng\/wp-content\/uploads\/2022\/02\/ASZU-2007-135x300.jpg 135w, https:\/\/www.fuleky-tokaj.hu\/eng\/wp-content\/uploads\/2022\/02\/ASZU-2007-461x1024.jpg 461w\" sizes=\"auto, (max-width: 248px) 100vw, 248px\" \/><\/a>[\/vc_column_text][\/vc_column][\/vc_row][vc_row][vc_column][vc_empty_space height=&#8221;50px&#8221;]<div class=\"qodef-shortcode qodef-m  qodef-separator clear \">\n\t<div class=\"qodef-m-line\" ><\/div>\n<\/div>[\/vc_column][\/vc_row][vc_row][vc_column width=&#8221;1\/3&#8243;][vc_column_text]<a href=\"http:\/\/www.bor.hu\"><img loading=\"lazy\" decoding=\"async\" class=\"aligncenter wp-image-5589 size-full\" src=\"https:\/\/www.fuleky-tokaj.hu\/eng\/wp-content\/uploads\/2021\/02\/Wines-os-Hungary-2-e1614273359552.png\" alt=\"\" width=\"216\" height=\"92\" \/><\/a>[\/vc_column_text][\/vc_column][vc_column width=&#8221;1\/3&#8243;][vc_column_text]<img loading=\"lazy\" decoding=\"async\" class=\"aligncenter wp-image-5944 size-full\" src=\"https:\/\/www.fuleky-tokaj.hu\/eng\/wp-content\/uploads\/2022\/02\/umvp_logo_fekvo-300x92-1.png\" alt=\"\" width=\"300\" height=\"92\" \/>[\/vc_column_text][\/vc_column][vc_column width=&#8221;1\/3&#8243;][vc_column_text]<a href=\"https:\/\/www.wineinmoderation.eu\/\"><img loading=\"lazy\" decoding=\"async\" class=\"aligncenter wp-image-5588 size-full\" src=\"https:\/\/www.fuleky-tokaj.hu\/wp-content\/uploads\/2021\/02\/WiM_Baseline-inside_Gradient-e1614266304655.png\" alt=\"\" width=\"300\" height=\"86\" \/><\/a>[\/vc_column_text][\/vc_column][\/vc_row][vc_row][vc_column][vc_empty_space]<div class=\"qodef-shortcode qodef-m  qodef-separator clear \">\n\t<div class=\"qodef-m-line\" ><\/div>\n<\/div>[\/vc_column][\/vc_row]<\/p>\n","protected":false},"excerpt":{"rendered":"<p>[vc_row][vc_column][vc_column_text css=&#8221;.vc_custom_1645626492124{background-color: #ddce9b !important;background-position: center !important;background-repeat: no-repeat !important;background-size: cover !important;border-radius: 5px !important;}&#8221;] F\u00dcLEKY TOKAJI ASZ\u00da 6 PUTTONYOS 2007 [\/vc_column_text][vc_column_text] (500 ml) [\/vc_column_text][\/vc_column][\/vc_row][vc_row content_text_alignment=&#8221;k\u00f6z\u00e9p&#8221;][vc_column width=&#8221;2\/3&#8243;][vc_empty_space][vc_column_text] * Decanter 2019: Gold Medal * Challenge International du Vin 2012: Gold Medal \u00a0 A great wine from an excellent vintage with plenty of aging potential. Acacia, freshly cut straw fragrances [&hellip;]<\/p>\n","protected":false},"author":1,"featured_media":0,"parent":5846,"menu_order":17,"comment_status":"closed","ping_status":"closed","template":"","meta":{"_monsterinsights_skip_tracking":false,"_monsterinsights_sitenote_active":false,"_monsterinsights_sitenote_note":"","_monsterinsights_sitenote_category":0,"footnotes":""},"class_list":["post-6108","page","type-page","status-publish","hentry"],"_links":{"self":[{"href":"https:\/\/www.fuleky-tokaj.hu\/eng\/wp-json\/wp\/v2\/pages\/6108","targetHints":{"allow":["GET"]}}],"collection":[{"href":"https:\/\/www.fuleky-tokaj.hu\/eng\/wp-json\/wp\/v2\/pages"}],"about":[{"href":"https:\/\/www.fuleky-tokaj.hu\/eng\/wp-json\/wp\/v2\/types\/page"}],"author":[{"embeddable":true,"href":"https:\/\/www.fuleky-tokaj.hu\/eng\/wp-json\/wp\/v2\/users\/1"}],"replies":[{"embeddable":true,"href":"https:\/\/www.fuleky-tokaj.hu\/eng\/wp-json\/wp\/v2\/comments?post=6108"}],"version-history":[{"count":5,"href":"https:\/\/www.fuleky-tokaj.hu\/eng\/wp-json\/wp\/v2\/pages\/6108\/revisions"}],"predecessor-version":[{"id":6837,"href":"https:\/\/www.fuleky-tokaj.hu\/eng\/wp-json\/wp\/v2\/pages\/6108\/revisions\/6837"}],"up":[{"embeddable":true,"href":"https:\/\/www.fuleky-tokaj.hu\/eng\/wp-json\/wp\/v2\/pages\/5846"}],"wp:attachment":[{"href":"https:\/\/www.fuleky-tokaj.hu\/eng\/wp-json\/wp\/v2\/media?parent=6108"}],"curies":[{"name":"wp","href":"https:\/\/api.w.org\/{rel}","templated":true}]}}