{"id":6068,"date":"2022-02-23T10:53:43","date_gmt":"2022-02-23T10:53:43","guid":{"rendered":"https:\/\/www.fuleky-tokaj.hu\/?page_id=6068"},"modified":"2024-10-24T05:31:45","modified_gmt":"2024-10-24T05:31:45","slug":"fulop-dry-tokaji-2022","status":"publish","type":"page","link":"https:\/\/www.fuleky-tokaj.hu\/eng\/wines\/fulop-dry-tokaji-2022\/","title":{"rendered":"F\u00dcL\u00d6P the PHENOMENON Dry Tokaji 2022"},"content":{"rendered":"<p>[vc_row][vc_column]<div class=\"qodef-shortcode qodef-m  qodef-separator clear \">\n\t<div class=\"qodef-m-line\" ><\/div>\n<\/div>[vc_column_text css=&#8221;.vc_custom_1729746877796{background-color: #ddce9b !important;background-position: center !important;background-repeat: no-repeat !important;background-size: cover !important;border-radius: 5px !important;}&#8221;]<\/p>\n<h3 style=\"text-align: center;\">F\u00dcL\u00d6P the PHENOMENON Dry Tokaji 2022<\/h3>\n<p>[\/vc_column_text][vc_column_text]<\/p>\n<p style=\"text-align: center;\">(750 ml)<\/p>\n<p>[\/vc_column_text][\/vc_column][\/vc_row][vc_row content_text_alignment=&#8221;k\u00f6z\u00e9p&#8221;][vc_column width=&#8221;2\/3&#8243;][vc_empty_space][vc_column_text]<\/p>\n<div class=\"wpb_text_column wpb_content_element \">\n<div class=\"wpb_wrapper\">\n<div class=\"wpb_text_column wpb_content_element \">\n<div class=\"wpb_wrapper\">\n<div class=\"wpb_text_column wpb_content_element \">\n<div class=\"wpb_wrapper\">\n<p>Estate wine, Furmint, H\u00e1rslevel\u0171, Muskot\u00e1ly blend.<\/p>\n<p>Pale lemon colour with slightly greenish hints. At first the nose is rather reticent, but with some air fully ripe orchard fruit notes emerge.<\/p>\n<p>Dry on the palate with medium+ acidity, the palate is round, vibrant and elegant, with some mirabelle plum. Medium+ finish with nice ripe fruit.<\/p>\n<\/div>\n<p>Recommended serving temperature: 8-10 \u00b0C.<\/p>\n<div class=\"wpb_wrapper\">\n<p>F\u00fcl\u00f6p the Stork was born in Spain in the Ebro river valley in 2003. We do not know if he ever left Europe, but it is certain that he had been living in and around Bodrogkereszt\u00far since 2006. He brought up 37 fledglings; his partner always migrated, but he stayed. In winter he warmed himself on chimneys, drank water from the River Bodrog, hunted for voles and was lord of all the stork nests in the area.<\/p>\n<p>We bottled this fresh and crisp Tokaji in memory of our phenomenal stork who was the stork of the neighbourhood and everyone for 15 years.<\/p>\n<p>&nbsp;<\/p>\n<h6><a href=\"https:\/\/www.fuleky-tokaj.hu\/eng\/wp-content\/uploads\/2024\/10\/Technical-sheet_Fulop-Dry-Tokaji-2022.pdf\" target=\"_blank\" rel=\"noopener\">\u2193\u00a0Download Technical Sheet<\/a><\/h6>\n<p>&nbsp;<\/p>\n<p><strong>Serving suggestion:<\/strong><\/p>\n<p>Almost like a Swiss army knife, you can eat everything with it:<\/p>\n<ul>\n<li>can accompany homey, fatty and complex pork dishes, like paprika stews and ragouts<\/li>\n<li>should be brilliant to white moulded cheeses like brie, but also good with a mature cheddar<\/li>\n<li>could be recommended to not-to-spicy Far-Eastern dishes, like pork belly, of beef queue or cheek, it works well with gelatious parts<\/li>\n<li>could be well paired to pretty spicy grilld dishes<\/li>\n<li>from Hungarian cuisine I would recommend it to stuffed cabbage, should it be summer or winter version<\/li>\n<li>paprika fish stew. You can find its recipe below \ud83d\ude42<\/li>\n<\/ul>\n<p style=\"text-align: right;\"><em>(Csaba Harmath, gastronomic expert)<\/em><\/p>\n<p>&nbsp;<\/p>\n<\/div>\n<\/div>\n<\/div>\n<\/div>\n<p>ALCOHOL: 14 %VOL<br \/>\nRESIDUAL SUGAR: 1,3 G\/L<br \/>\nACIDITY: 5,5 G\/L<\/p>\n<\/div>\n<\/div>\n<p>[\/vc_column_text][\/vc_column][vc_column width=&#8221;1\/3&#8243;][vc_column_text css_animation=&#8221;none&#8221; css=&#8221;.vc_custom_1645614089414{border-radius: 2px !important;}&#8221;]<a href=\"https:\/\/www.fuleky-tokaj.hu\/eng\/wp-content\/uploads\/2020\/10\/Fulop-Dry-2018-scaled-1.jpg\"><img loading=\"lazy\" decoding=\"async\" class=\"aligncenter wp-image-5518\" src=\"https:\/\/www.fuleky-tokaj.hu\/eng\/wp-content\/uploads\/2020\/10\/Fulop-Dry-2018-scaled-1.jpg\" alt=\"\" width=\"389\" height=\"550\" srcset=\"https:\/\/www.fuleky-tokaj.hu\/eng\/wp-content\/uploads\/2020\/10\/Fulop-Dry-2018-scaled-1.jpg 1810w, https:\/\/www.fuleky-tokaj.hu\/eng\/wp-content\/uploads\/2020\/10\/Fulop-Dry-2018-scaled-1-212x300.jpg 212w, https:\/\/www.fuleky-tokaj.hu\/eng\/wp-content\/uploads\/2020\/10\/Fulop-Dry-2018-scaled-1-724x1024.jpg 724w, https:\/\/www.fuleky-tokaj.hu\/eng\/wp-content\/uploads\/2020\/10\/Fulop-Dry-2018-scaled-1-768x1086.jpg 768w, https:\/\/www.fuleky-tokaj.hu\/eng\/wp-content\/uploads\/2020\/10\/Fulop-Dry-2018-scaled-1-1086x1536.jpg 1086w, https:\/\/www.fuleky-tokaj.hu\/eng\/wp-content\/uploads\/2020\/10\/Fulop-Dry-2018-scaled-1-1448x2048.jpg 1448w\" sizes=\"auto, (max-width: 389px) 100vw, 389px\" \/><\/a>[\/vc_column_text][\/vc_column][\/vc_row][vc_row][vc_column][vc_empty_space height=&#8221;50px&#8221;]<div class=\"qodef-shortcode qodef-m  qodef-separator clear \">\n\t<div class=\"qodef-m-line\" ><\/div>\n<\/div>[\/vc_column][\/vc_row][vc_row][vc_column width=&#8221;1\/4&#8243;][vc_empty_space height=&#8221;140px&#8221;][vc_single_image image=&#8221;6362&#8243; img_size=&#8221;450&#215;600&#8243; alignment=&#8221;center&#8221; style=&#8221;vc_box_shadow_3d&#8221; onclick=&#8221;link_image&#8221;][\/vc_column][vc_column width=&#8221;3\/4&#8243;][vc_column_text]<\/p>\n<h5><strong>Paprika carp stew<\/strong><\/h5>\n<p><em>Ingredients:<\/em><br \/>\n1 kg carp fillet (or you can use any freshwater fish you like)<br \/>\n2 large onions<br \/>\n1 bell pepper<br \/>\n1 green chilli (we use a big sized pale green coloured variety, as you see on the picture)<br \/>\n1 big ripe tomato<br \/>\n40 g pork lard (or you can use vegetable oil as well)<br \/>\n40 g red paprika (finely ground, not smoked, preferably nice, red, and sweet from Hungary)<br \/>\nsalt<br \/>\nblack pepper<br \/>\n<em>\u00a0<\/em><br \/>\n<em>Preparation:<\/em><br \/>\nCut the fish fillet into 2 cm cubes, you can use skin on, it would give more collagen to the dish. Chop finely the onions, bell pepper and tomato. Cut nice circles of the chilli, 1-2-3 per serving for decoration, and chop the rest finely.<\/p>\n<p>Put approximately 1 litre of water to boil. Once boiling, you can start to prepare the stew.<\/p>\n<p>Melt the pork lard, add in the chopped onions and bell pepper, eventually the rest of the chilli. On medium heat sweat all slowly until it starts to get coloured.<\/p>\n<p>This is the crucial point: add in the sweet paprika, stir it in, leave a minute or so to dissolve the nice red colour in the fat. Add a ladle of piping hot water, stir it in and wait until it evaporates and starts sticking to the bottom. Repeat the watering two more times taking care of not burning the paprika. You build up like this the base of almost any Hungarian paprika stew.<\/p>\n<p>Add the fish cubes to the base, stir it in, season with salt and pepper. The fish should render enough water for the cooking process, but if you see, that the sauce is sticking, add a ladle of your hot water.<\/p>\n<p>Normally, the cooking of a fish fillet even with the skin should not take more than 15 minutes. Once it is almost cooked, add in the chopped tomato, do not put in any more water, just let it simmer for a few minutes. Check the seasoning.<\/p>\n<p>Usually, we do not serve much as a garnish, just we eat it with bread. Or sometimes with a cottage cheese pasta dish with loads of sour cream. Yummy![\/vc_column_text][\/vc_column][\/vc_row][vc_row][vc_column][vc_empty_space height=&#8221;50px&#8221;]<div class=\"qodef-shortcode qodef-m  qodef-separator clear \">\n\t<div class=\"qodef-m-line\" ><\/div>\n<\/div>[\/vc_column][\/vc_row][vc_row][vc_column width=&#8221;1\/3&#8243;][vc_column_text]<a href=\"http:\/\/www.bor.hu\"><img loading=\"lazy\" decoding=\"async\" class=\"aligncenter wp-image-5589 size-full\" src=\"https:\/\/www.fuleky-tokaj.hu\/eng\/wp-content\/uploads\/2021\/02\/Wines-os-Hungary-2-e1614273359552.png\" alt=\"\" width=\"216\" height=\"92\" \/><\/a>[\/vc_column_text][\/vc_column][vc_column width=&#8221;1\/3&#8243;][vc_column_text]<img loading=\"lazy\" decoding=\"async\" class=\"aligncenter wp-image-5944 size-full\" src=\"https:\/\/www.fuleky-tokaj.hu\/eng\/wp-content\/uploads\/2022\/02\/umvp_logo_fekvo-300x92-1.png\" alt=\"\" width=\"300\" height=\"92\" \/>[\/vc_column_text][\/vc_column][vc_column width=&#8221;1\/3&#8243;][vc_column_text]<a href=\"https:\/\/www.wineinmoderation.eu\/\"><img loading=\"lazy\" decoding=\"async\" class=\"aligncenter wp-image-5588 size-full\" src=\"https:\/\/www.fuleky-tokaj.hu\/wp-content\/uploads\/2021\/02\/WiM_Baseline-inside_Gradient-e1614266304655.png\" alt=\"\" width=\"300\" height=\"86\" \/><\/a>[\/vc_column_text][\/vc_column][\/vc_row][vc_row][vc_column][vc_empty_space]<div class=\"qodef-shortcode qodef-m  qodef-separator clear \">\n\t<div class=\"qodef-m-line\" ><\/div>\n<\/div>[\/vc_column][\/vc_row]<\/p>\n","protected":false},"excerpt":{"rendered":"<p>[vc_row][vc_column][vc_column_text css=&#8221;.vc_custom_1729746877796{background-color: #ddce9b !important;background-position: center !important;background-repeat: no-repeat !important;background-size: cover !important;border-radius: 5px !important;}&#8221;] F\u00dcL\u00d6P the PHENOMENON Dry Tokaji 2022 [\/vc_column_text][vc_column_text] (750 ml) [\/vc_column_text][\/vc_column][\/vc_row][vc_row content_text_alignment=&#8221;k\u00f6z\u00e9p&#8221;][vc_column width=&#8221;2\/3&#8243;][vc_empty_space][vc_column_text] Estate wine, Furmint, H\u00e1rslevel\u0171, Muskot\u00e1ly blend. Pale lemon colour with slightly greenish hints. At first the nose is rather reticent, but with some air fully ripe orchard fruit notes emerge. Dry [&hellip;]<\/p>\n","protected":false},"author":1,"featured_media":0,"parent":5846,"menu_order":10,"comment_status":"closed","ping_status":"closed","template":"","meta":{"_monsterinsights_skip_tracking":false,"_monsterinsights_sitenote_active":false,"_monsterinsights_sitenote_note":"","_monsterinsights_sitenote_category":0,"footnotes":""},"class_list":["post-6068","page","type-page","status-publish","hentry"],"_links":{"self":[{"href":"https:\/\/www.fuleky-tokaj.hu\/eng\/wp-json\/wp\/v2\/pages\/6068","targetHints":{"allow":["GET"]}}],"collection":[{"href":"https:\/\/www.fuleky-tokaj.hu\/eng\/wp-json\/wp\/v2\/pages"}],"about":[{"href":"https:\/\/www.fuleky-tokaj.hu\/eng\/wp-json\/wp\/v2\/types\/page"}],"author":[{"embeddable":true,"href":"https:\/\/www.fuleky-tokaj.hu\/eng\/wp-json\/wp\/v2\/users\/1"}],"replies":[{"embeddable":true,"href":"https:\/\/www.fuleky-tokaj.hu\/eng\/wp-json\/wp\/v2\/comments?post=6068"}],"version-history":[{"count":10,"href":"https:\/\/www.fuleky-tokaj.hu\/eng\/wp-json\/wp\/v2\/pages\/6068\/revisions"}],"predecessor-version":[{"id":6808,"href":"https:\/\/www.fuleky-tokaj.hu\/eng\/wp-json\/wp\/v2\/pages\/6068\/revisions\/6808"}],"up":[{"embeddable":true,"href":"https:\/\/www.fuleky-tokaj.hu\/eng\/wp-json\/wp\/v2\/pages\/5846"}],"wp:attachment":[{"href":"https:\/\/www.fuleky-tokaj.hu\/eng\/wp-json\/wp\/v2\/media?parent=6068"}],"curies":[{"name":"wp","href":"https:\/\/api.w.org\/{rel}","templated":true}]}}