{"id":6016,"date":"2022-02-23T08:06:21","date_gmt":"2022-02-23T08:06:21","guid":{"rendered":"https:\/\/www.fuleky-tokaj.hu\/?page_id=6016"},"modified":"2023-03-29T09:56:37","modified_gmt":"2023-03-29T09:56:37","slug":"fuleky-tokaji-harslevelu-uragya-2019-mad","status":"publish","type":"page","link":"https:\/\/www.fuleky-tokaj.hu\/eng\/wines\/fuleky-tokaji-harslevelu-uragya-2019-mad\/","title":{"rendered":"F\u00dcLEKY TOKAJI H\u00c1RSLEVEL\u0170 \u00daR\u00c1GYA 2019 \u2013 M\u00e1d \u2013"},"content":{"rendered":"<p>[vc_row][vc_column][\/vc_column][\/vc_row][vc_row][vc_column]<div class=\"qodef-shortcode qodef-m  qodef-separator clear \">\n\t<div class=\"qodef-m-line\" ><\/div>\n<\/div>[vc_column_text css=&#8221;.vc_custom_1645603678821{background-color: #ddce9b !important;background-position: center !important;background-repeat: no-repeat !important;background-size: cover !important;border-radius: 5px !important;}&#8221;]<\/p>\n<h3 style=\"text-align: center;\">F\u00dcLEKY TOKAJI H\u00c1RSLEVEL\u0170 \u00daR\u00c1GYA 2019 \u2013 M\u00e1d \u2013<\/h3>\n<p>[\/vc_column_text][vc_column_text]<\/p>\n<p style=\"text-align: center;\">(750 ml)<\/p>\n<p>[\/vc_column_text][\/vc_column][\/vc_row][vc_row content_text_alignment=&#8221;k\u00f6z\u00e9p&#8221;][vc_column width=&#8221;2\/3&#8243;][vc_empty_space height=&#8221;20px&#8221;][vc_column_text]<\/p>\n<div class=\"wpb_text_column wpb_content_element \">\n<div class=\"wpb_wrapper\">\n<p>Pale yellow with some greenish hints. Beautiful barrel notes with H\u00e1rslevel\u0171 in the nose, plus ripe grapefruit, mandarin, summer flowers. Clean taste, fresh, plenty of fruit, 24 g residual sugar that makes the sip full and bodied. The acids balance the sugar wonderfully. Slight minerality and citrus in the finish. A hot vintage gave this substantial wine full of delights.<\/p>\n<\/div>\n<h6><a href=\"https:\/\/www.fuleky-tokaj.hu\/eng\/wp-content\/uploads\/2022\/10\/FULEKY-TOKAJI-HARSLEVELU-2019.pdf\" target=\"_blank\" rel=\"noopener\">\u2193\u00a0Download Technical Sheet<\/a><\/h6>\n<div class=\"wpb_wrapper\">\n<p>Food pairing:<\/p>\n<ul>\n<li>my first thought: chestnut pur\u00e9e or a Mont Blanc pastry<\/li>\n<li>second was everything from the Far East, spicy and hot, this wine could be a great alternative to a Traminer<\/li>\n<li>or simply as an aperitif, with puff pastry canap\u00e9s<\/li>\n<\/ul>\n<p style=\"text-align: right;\"><em>(Csaba Harmath, gastronomic expert)<\/em><\/p>\n<p>Vineyard: Grapes come from our Vinnai vineyard in Tarcal village.<\/p>\n<ul>\n<li><em>Soil:<\/em>\u00a0clayey, crumbly<\/li>\n<li><em>Bedrock:<\/em>\u00a0rhyolitetuff<\/li>\n<li><em>Surface:<\/em> 0,99 ha<\/li>\n<li><em>Average age of vines: <\/em>\u00a030 years old<\/li>\n<li><em>Density: <\/em>\u00a02700 vines\/ha<\/li>\n<li><em>Exposition:<\/em>\u00a0East<\/li>\n<\/ul>\n<p>Harvest: 8th October 2019<br \/>\nBottled: 15th August 2020<br \/>\nQuantity bottled: 1275 bottles<\/p>\n<p>&nbsp;<\/p>\n<\/div>\n<\/div>\n<div>\n<div>ALCOHOL: 14,5 %VOL<br \/>\nRESIDUAL SUGAR: 24 G\/L<br \/>\nACIDITY: 6,1 G\/L<\/div>\n<\/div>\n<p>[\/vc_column_text][\/vc_column][vc_column width=&#8221;1\/3&#8243;][vc_column_text css_animation=&#8221;none&#8221; css=&#8221;.vc_custom_1645607532817{border-radius: 2px !important;}&#8221;]<a href=\"https:\/\/www.fuleky-tokaj.hu\/eng\/wp-content\/uploads\/2022\/02\/uragya_2019-scaled-1.jpg\"><img loading=\"lazy\" decoding=\"async\" class=\"aligncenter wp-image-6010\" src=\"https:\/\/www.fuleky-tokaj.hu\/eng\/wp-content\/uploads\/2022\/02\/uragya_2019-scaled-1.jpg\" alt=\"\" width=\"247\" height=\"550\" srcset=\"https:\/\/www.fuleky-tokaj.hu\/eng\/wp-content\/uploads\/2022\/02\/uragya_2019-scaled-1.jpg 1150w, https:\/\/www.fuleky-tokaj.hu\/eng\/wp-content\/uploads\/2022\/02\/uragya_2019-scaled-1-135x300.jpg 135w, https:\/\/www.fuleky-tokaj.hu\/eng\/wp-content\/uploads\/2022\/02\/uragya_2019-scaled-1-460x1024.jpg 460w, https:\/\/www.fuleky-tokaj.hu\/eng\/wp-content\/uploads\/2022\/02\/uragya_2019-scaled-1-768x1710.jpg 768w, https:\/\/www.fuleky-tokaj.hu\/eng\/wp-content\/uploads\/2022\/02\/uragya_2019-scaled-1-690x1536.jpg 690w, https:\/\/www.fuleky-tokaj.hu\/eng\/wp-content\/uploads\/2022\/02\/uragya_2019-scaled-1-920x2048.jpg 920w\" sizes=\"auto, (max-width: 247px) 100vw, 247px\" \/><\/a>[\/vc_column_text][\/vc_column][\/vc_row][vc_row][vc_column][vc_empty_space height=&#8221;50px&#8221;]<div class=\"qodef-shortcode qodef-m  qodef-separator clear \">\n\t<div class=\"qodef-m-line\" ><\/div>\n<\/div>[\/vc_column][\/vc_row][vc_row][vc_column width=&#8221;1\/4&#8243;][vc_empty_space height=&#8221;100px&#8221;][vc_single_image image=&#8221;6724&#8243; img_size=&#8221;450&#215;600&#8243; alignment=&#8221;center&#8221; style=&#8221;vc_box_shadow_3d&#8221; onclick=&#8221;link_image&#8221;][\/vc_column][vc_column width=&#8221;3\/4&#8243;][vc_column_text]<\/p>\n<h5><span style=\"color: #000000;\"><strong>Curried lamb shoulder to our liking<\/strong><\/span><\/h5>\n<p>&nbsp;<\/p>\n<p><span style=\"color: #000000;\"><strong>Ingredients:<\/strong><\/span><\/p>\n<p><span style=\"color: #000000;\">800 g boneless lamb shoulder<\/span><br \/>\n<span style=\"color: #000000;\">4\u00a0tablespoons vegetable oil<\/span><br \/>\n<span style=\"color: #000000;\">2\u00a0large onions, thinly sliced<\/span><br \/>\n<span style=\"color: #000000;\">2\u00a0large tomatoes, diced (eventually canned)<\/span><br \/>\n<span style=\"color: #000000;\">2\u00a0tablespoons garlic<\/span><br \/>\n<span style=\"color: #000000;\">1\u00a0tablespoon ginger<\/span><br \/>\n<span style=\"color: #000000;\">2\u00a0teaspoons ground coriander<\/span><br \/>\n<span style=\"color: #000000;\">1\u00a0teaspoon ground cumin<\/span><br \/>\n<span style=\"color: #000000;\">1\/2\u00a0teaspoon ground turmeric<\/span><br \/>\n<span style=\"color: #000000;\">1 teaspoon red chili powder<\/span><br \/>\n<span style=\"color: #000000;\">2\u00a0teaspoons garam masala paste<\/span><br \/>\n<span style=\"color: #000000;\">salt to taste<\/span><br \/>\n<span style=\"color: #000000;\">1 bunch fresh coriander\/cilantro<\/span><\/p>\n<p>&nbsp;<\/p>\n<p><span style=\"color: #000000;\"><strong>Preparation:<\/strong><\/span><\/p>\n<p><span style=\"color: #000000;\">Cut the meat into 3 cm chunks.<\/span><br \/>\n<span style=\"color: #000000;\">Heat the cooking oil in a heavy-bottomed pan over medium heat. When hot, add the onions. Saut\u00e9e until the onions begin to turn pale golden brown, about 8 minutes. Remove from the oil with a slotted spoon and drain on paper towels. Reserve the oil in the pan and turn off the heat.<\/span><br \/>\n<span style=\"color: #000000;\">In a food processor, pulse the onions into a smooth paste, adding a teaspoon of water if necessary to blend. Transfer to a separate container and reserve. Blend the tomatoes, garlic, ginger and the coriander\/cilantro stalks together in the food processor until you have a smooth paste. Transfer to a separate container and reserve for later use.<\/span><br \/>\n<span style=\"color: #000000;\">Reheat the oil left over from frying the onions over medium heat and add the dry spices, a minute later the garam masala paste and saut\u00e9e for 3 more minutes. Add the reserved onion paste and the tomato mixture and mix well.<\/span><br \/>\n<span style=\"color: #000000;\">Saut\u00e9 until the oil begins to separate. This can take up to 10 minutes.<\/span><br \/>\n<span style=\"color: #000000;\">Add the lamb pieces to the mixture and stir to fully coat. Saut\u00e9e until the lamb is well browned, about 8 minutes. Add 100 ml of hot water to the pan and stir to mix well. Bring to a boil, reduce the heat to a simmer, and cover the pan. Cook until the lamb is tender. You will need to keep checking on the lamb as it cooks and adding more water if all the water dries up. Stir often to prevent burning. The dish should have a fairly thick sauce when done. Season with salt to taste. This should take roughly 45 minutes.<\/span><br \/>\n<span style=\"color: #000000;\">When the lamb is cooked, garnish with chopped coriander\/cilantro and serve with naan or hot steamed basmati rice.<\/span>[\/vc_column_text][\/vc_column][\/vc_row][vc_row][vc_column][vc_empty_space height=&#8221;50px&#8221;]<div class=\"qodef-shortcode qodef-m  qodef-separator clear \">\n\t<div class=\"qodef-m-line\" ><\/div>\n<\/div>[\/vc_column][\/vc_row][vc_row][vc_column width=&#8221;1\/4&#8243;][vc_empty_space height=&#8221;100px&#8221;][vc_single_image image=&#8221;6369&#8243; img_size=&#8221;450&#215;600&#8243; alignment=&#8221;center&#8221; style=&#8221;vc_box_shadow_3d&#8221; onclick=&#8221;link_image&#8221;][\/vc_column][vc_column width=&#8221;3\/4&#8243;][vc_column_text]<\/p>\n<h5><span style=\"color: #000000;\"><strong>Tuna tartar<\/strong><\/span><\/h5>\n<p>&nbsp;<\/p>\n<p><span style=\"color: #000000;\"><strong>Ingredients:<\/strong><\/span><\/p>\n<p><span style=\"color: #000000;\">350 g fresh red tuna (belly or loin)<\/span><br \/>\n<span style=\"color: #000000;\">4 ripe avocados<\/span><br \/>\n<span style=\"color: #000000;\">2 tbsp toasted sesame oil<\/span><br \/>\n<span style=\"color: #000000;\">2 tbsp light soy sauce<\/span><br \/>\n<span style=\"color: #000000;\">juice of a lemon<\/span><br \/>\n<span style=\"color: #000000;\">salt to taste<\/span><br \/>\n<span style=\"color: #000000;\">half of a small red onion<\/span><br \/>\n<span style=\"color: #000000;\">fresh red chilli<\/span><br \/>\n<span style=\"color: #000000;\">chilli flakes<\/span><br \/>\n<span style=\"color: #000000;\">fresh coriander<\/span><br \/>\n<span style=\"color: #000000;\">white sesame seeds<\/span><\/p>\n<p>&nbsp;<\/p>\n<p><span style=\"color: #000000;\"><strong>Preparation:<\/strong><\/span><\/p>\n<p><span style=\"color: #000000;\">Toast, in a pan, the white sesame seeds until fragrant. Let them cool down totally.<br \/>\n<\/span><span style=\"color: #000000;\">Cut the avocado lengthwise, take off the kernel and skin, cut the flesh into 1 cm cubes and sprinkle with some lemon juice to prevent it from browning. Chop finely the small red onion and the red chilli, mix them it into the cubes.<br \/>\n<\/span><span style=\"color: #000000;\">Cut the tuna into the same 1 cm cubes, add in the sesame oil, soy sauce, lemon juice. If you like it a bit hotter, you can add here also some red chilli. Add in all the stalks of the coriander finely chopped and some leaves as well.<br \/>\n<\/span><span style=\"color: #000000;\">Place in a ring 1,5 cm of the tuna tartare and place atop of it the same amount of the avocado mix (I would not call this mix a guacamole, because it is not crushed) evenly. Decorate with coriander leaves. You can serve this dish with some baguette toasts if you wish.<\/span>[\/vc_column_text][\/vc_column][\/vc_row][vc_row][vc_column][vc_empty_space height=&#8221;50px&#8221;]<div class=\"qodef-shortcode qodef-m  qodef-separator clear \">\n\t<div class=\"qodef-m-line\" ><\/div>\n<\/div>[\/vc_column][\/vc_row][vc_row][vc_column width=&#8221;1\/3&#8243;][vc_column_text]<a href=\"http:\/\/www.bor.hu\"><img loading=\"lazy\" decoding=\"async\" class=\"aligncenter wp-image-5589 size-full\" src=\"https:\/\/www.fuleky-tokaj.hu\/eng\/wp-content\/uploads\/2021\/02\/Wines-os-Hungary-2-e1614273359552.png\" alt=\"\" width=\"216\" height=\"92\" \/><\/a>[\/vc_column_text][\/vc_column][vc_column width=&#8221;1\/3&#8243;][vc_column_text]<img loading=\"lazy\" decoding=\"async\" class=\"aligncenter wp-image-5944 size-full\" src=\"https:\/\/www.fuleky-tokaj.hu\/eng\/wp-content\/uploads\/2022\/02\/umvp_logo_fekvo-300x92-1.png\" alt=\"\" width=\"300\" height=\"92\" \/>[\/vc_column_text][\/vc_column][vc_column width=&#8221;1\/3&#8243;][vc_column_text]<a href=\"https:\/\/www.wineinmoderation.eu\/\"><img loading=\"lazy\" decoding=\"async\" class=\"aligncenter wp-image-5588 size-full\" src=\"https:\/\/www.fuleky-tokaj.hu\/wp-content\/uploads\/2021\/02\/WiM_Baseline-inside_Gradient-e1614266304655.png\" alt=\"\" width=\"300\" height=\"86\" \/><\/a>[\/vc_column_text][\/vc_column][\/vc_row][vc_row][vc_column][vc_empty_space]<div class=\"qodef-shortcode qodef-m  qodef-separator clear \">\n\t<div class=\"qodef-m-line\" ><\/div>\n<\/div>[\/vc_column][\/vc_row]<\/p>\n","protected":false},"excerpt":{"rendered":"<p>[vc_row][vc_column][\/vc_column][\/vc_row][vc_row][vc_column][vc_column_text css=&#8221;.vc_custom_1645603678821{background-color: #ddce9b !important;background-position: center !important;background-repeat: no-repeat !important;background-size: cover !important;border-radius: 5px !important;}&#8221;] F\u00dcLEKY TOKAJI H\u00c1RSLEVEL\u0170 \u00daR\u00c1GYA 2019 \u2013 M\u00e1d \u2013 [\/vc_column_text][vc_column_text] (750 ml) [\/vc_column_text][\/vc_column][\/vc_row][vc_row content_text_alignment=&#8221;k\u00f6z\u00e9p&#8221;][vc_column width=&#8221;2\/3&#8243;][vc_empty_space height=&#8221;20px&#8221;][vc_column_text] Pale yellow with some greenish hints. Beautiful barrel notes with H\u00e1rslevel\u0171 in the nose, plus ripe grapefruit, mandarin, summer flowers. Clean taste, fresh, plenty of fruit, 24 g [&hellip;]<\/p>\n","protected":false},"author":1,"featured_media":0,"parent":5846,"menu_order":6,"comment_status":"closed","ping_status":"closed","template":"","meta":{"_monsterinsights_skip_tracking":false,"_monsterinsights_sitenote_active":false,"_monsterinsights_sitenote_note":"","_monsterinsights_sitenote_category":0,"footnotes":""},"class_list":["post-6016","page","type-page","status-publish","hentry"],"_links":{"self":[{"href":"https:\/\/www.fuleky-tokaj.hu\/eng\/wp-json\/wp\/v2\/pages\/6016","targetHints":{"allow":["GET"]}}],"collection":[{"href":"https:\/\/www.fuleky-tokaj.hu\/eng\/wp-json\/wp\/v2\/pages"}],"about":[{"href":"https:\/\/www.fuleky-tokaj.hu\/eng\/wp-json\/wp\/v2\/types\/page"}],"author":[{"embeddable":true,"href":"https:\/\/www.fuleky-tokaj.hu\/eng\/wp-json\/wp\/v2\/users\/1"}],"replies":[{"embeddable":true,"href":"https:\/\/www.fuleky-tokaj.hu\/eng\/wp-json\/wp\/v2\/comments?post=6016"}],"version-history":[{"count":12,"href":"https:\/\/www.fuleky-tokaj.hu\/eng\/wp-json\/wp\/v2\/pages\/6016\/revisions"}],"predecessor-version":[{"id":6754,"href":"https:\/\/www.fuleky-tokaj.hu\/eng\/wp-json\/wp\/v2\/pages\/6016\/revisions\/6754"}],"up":[{"embeddable":true,"href":"https:\/\/www.fuleky-tokaj.hu\/eng\/wp-json\/wp\/v2\/pages\/5846"}],"wp:attachment":[{"href":"https:\/\/www.fuleky-tokaj.hu\/eng\/wp-json\/wp\/v2\/media?parent=6016"}],"curies":[{"name":"wp","href":"https:\/\/api.w.org\/{rel}","templated":true}]}}