{"id":5977,"date":"2022-02-22T12:46:19","date_gmt":"2022-02-22T12:46:19","guid":{"rendered":"https:\/\/www.fuleky-tokaj.hu\/?page_id=5977"},"modified":"2024-10-24T06:14:51","modified_gmt":"2024-10-24T06:14:51","slug":"fuleky-tokaji-kabar-2019","status":"publish","type":"page","link":"https:\/\/www.fuleky-tokaj.hu\/eng\/wines\/fuleky-tokaji-kabar-2019\/","title":{"rendered":"F\u00dcLEKY TOKAJI KABAR VINNAI 2019 \u2013 Tarcal \u2013"},"content":{"rendered":"<p>[vc_row][vc_column][\/vc_column][\/vc_row][vc_row][vc_column]<div class=\"qodef-shortcode qodef-m  qodef-separator clear \">\n\t<div class=\"qodef-m-line\" ><\/div>\n<\/div>[vc_column_text css=&#8221;.vc_custom_1645533676352{background-color: #ddce9b !important;background-position: center !important;background-repeat: no-repeat !important;background-size: cover !important;border-radius: 5px !important;}&#8221;]<\/p>\n<h3 style=\"text-align: center;\">F\u00dcLEKY TOKAJI KABAR VINNAI 2019 \u2013 Tarcal \u2013<\/h3>\n<p>[\/vc_column_text][vc_column_text]<\/p>\n<p style=\"text-align: center;\">(750 ml)<\/p>\n<p>[\/vc_column_text][\/vc_column][\/vc_row][vc_row content_text_alignment=&#8221;k\u00f6z\u00e9p&#8221;][vc_column width=&#8221;2\/3&#8243;][vc_empty_space height=&#8221;20px&#8221;][vc_column_text]<\/p>\n<div class=\"wpb_text_column wpb_content_element \">\n<p><strong><em>* Winelovers 2023: Silver Medal<\/em><\/strong><\/p>\n<p>&nbsp;<\/p>\n<div class=\"wpb_wrapper\">\n<p>Kabar is the youngest grape variety between the six licensed grapes of Tokaj Region. It\u2019s a cross of H\u00e1rslevel\u0171 and Bouvier, an early ripening grape compared to the two main grapes of Tokaj, Furmint and H\u00e1rslevel\u0171. It produces nice quality noble grapes almost every year. Ideal for production of both, dry and sweet wines. In case of dry wine production the date of the harvest is crucial, as it may become semi-dry or semi-sweet very quickly. F\u00fcleky Kabar 2019, produced in a hot year, is semi-dry.<br \/>\nFresh ripe grapes in the nose with a delicious spiciness, sweets, ripe exotic fruits. Taste the harmony of intensive flavours, fruitiness and spiciness. Around 10 g of natural residual sugar makes this wine incredibly vital and intensive. Exceedingly clear finish with overripe citrus, an abundance of juicy fruity remains in the mouth. A full and big-bodied wine from perfectly ripe Kabar grapes. Serving temperature: 8-10 \u00b0C.<\/p>\n<h6><a href=\"https:\/\/www.fuleky-tokaj.hu\/eng\/wp-content\/uploads\/2022\/05\/Technical-sheet_Fuleky-Tokaji-KABAR-VINNAI_2019.pdf\" target=\"_blank\" rel=\"noopener\">\u2193\u00a0Download Technical Sheet<\/a><\/h6>\n<p>Food pairing:<\/p>\n<ul>\n<li>recommended with mushrooms dishes, grilled vegetables,<\/li>\n<li>heavily spiced, grilled white meats<\/li>\n<li>rabbit ragout with mustard sauce, or pork tenderloin<\/li>\n<li>perfect with hot, spicy dishes.<\/li>\n<\/ul>\n<p style=\"text-align: right;\"><em>(Csaba Harmath, gastronomic expert)<\/em><\/p>\n<p>&nbsp;<\/p>\n<p>Vineyard: Grapes come from our Vinnai vineyard in Tarcal village.<\/p>\n<ul>\n<li><em>Soil:<\/em> loess<\/li>\n<li><em>Bedrock:<\/em> andesite<\/li>\n<li><em>Surface:<\/em>\u00a00,48 ha<\/li>\n<li><em>Planted:<\/em> 2001<\/li>\n<li><em>Density:<\/em> 3500 vines\/ha<\/li>\n<li><em>Exposition:<\/em>\u00a0West<\/li>\n<\/ul>\n<p>Harvest: 1<sup>st<\/sup> October 2019<\/p>\n<p>Bottled: 15<sup>th<\/sup> August 2020<\/p>\n<p>Bottled quantity: 909 bottles<\/p>\n<p>&nbsp;<\/p>\n<\/div>\n<\/div>\n<div>ALCOHOL: 14,5 %VOL<br \/>\nRESIDUAL SUGAR: 9,7 G\/L<br \/>\nACIDITY: 5,9 G\/L<\/div>\n<p>[\/vc_column_text][\/vc_column][vc_column width=&#8221;1\/3&#8243;][vc_column_text css_animation=&#8221;none&#8221; css=&#8221;.vc_custom_1645534524059{border-radius: 2px !important;}&#8221;]<\/p>\n<p style=\"text-align: center;\"><a href=\"https:\/\/www.fuleky-tokaj.hu\/eng\/wp-content\/uploads\/2022\/02\/Fuleky-Kabar-2019-scaled-1.jpg\"><img loading=\"lazy\" decoding=\"async\" class=\"aligncenter wp-image-5895\" src=\"https:\/\/www.fuleky-tokaj.hu\/eng\/wp-content\/uploads\/2022\/02\/Fuleky-Kabar-2019-scaled-1.jpg\" alt=\"\" width=\"247\" height=\"550\" srcset=\"https:\/\/www.fuleky-tokaj.hu\/eng\/wp-content\/uploads\/2022\/02\/Fuleky-Kabar-2019-scaled-1.jpg 1150w, https:\/\/www.fuleky-tokaj.hu\/eng\/wp-content\/uploads\/2022\/02\/Fuleky-Kabar-2019-scaled-1-135x300.jpg 135w, https:\/\/www.fuleky-tokaj.hu\/eng\/wp-content\/uploads\/2022\/02\/Fuleky-Kabar-2019-scaled-1-460x1024.jpg 460w, https:\/\/www.fuleky-tokaj.hu\/eng\/wp-content\/uploads\/2022\/02\/Fuleky-Kabar-2019-scaled-1-768x1710.jpg 768w, https:\/\/www.fuleky-tokaj.hu\/eng\/wp-content\/uploads\/2022\/02\/Fuleky-Kabar-2019-scaled-1-690x1536.jpg 690w, https:\/\/www.fuleky-tokaj.hu\/eng\/wp-content\/uploads\/2022\/02\/Fuleky-Kabar-2019-scaled-1-920x2048.jpg 920w\" sizes=\"auto, (max-width: 247px) 100vw, 247px\" \/><\/a><\/p>\n<p>[\/vc_column_text][\/vc_column][\/vc_row][vc_row][vc_column][vc_empty_space height=&#8221;50px&#8221;]<div class=\"qodef-shortcode qodef-m  qodef-separator clear \">\n\t<div class=\"qodef-m-line\" ><\/div>\n<\/div>[\/vc_column][\/vc_row][vc_row][vc_column width=&#8221;1\/4&#8243;][vc_empty_space height=&#8221;100px&#8221;][vc_single_image image=&#8221;6697&#8243; img_size=&#8221;450&#215;600&#8243; alignment=&#8221;center&#8221; style=&#8221;vc_box_shadow_3d&#8221; onclick=&#8221;link_image&#8221;][\/vc_column][vc_column width=&#8221;3\/4&#8243;][vc_column_text]<\/p>\n<h5 style=\"text-align: left;\"><span style=\"color: #000000;\"><strong>Thai spicy beef salad<\/strong><\/span><\/h5>\n<p><span style=\"color: #000000;\"><strong>Ingredients:<\/strong><\/span><\/p>\n<p style=\"text-align: left;\"><span style=\"color: #000000;\">400 g beefsteak<\/span><br \/>\n<span style=\"color: #000000;\">200 g mixed green salad<\/span><br \/>\n<span style=\"color: #000000;\">2 cucumbers<\/span><br \/>\n<span style=\"color: #000000;\">2 Thai chillies<\/span><br \/>\n<span style=\"color: #000000;\">4 lemongrass<\/span><br \/>\n<span style=\"color: #000000;\">2 shallots<\/span><br \/>\n<span style=\"color: #000000;\">3-4 cm stick galangal<\/span><br \/>\n<span style=\"color: #000000;\">3-4 stick fresh ginger<\/span><br \/>\n<span style=\"color: #000000;\">4 tablespoons fish sauce<\/span><br \/>\n<span style=\"color: #000000;\">4 tablespoons light soy sauce or tamari<\/span><br \/>\n<span style=\"color: #000000;\">1 tablespoon toasted sesame seed oil<\/span><br \/>\n<span style=\"color: #000000;\">1-4 tablespoon brown sugar<\/span><br \/>\n<span style=\"color: #000000;\">1-1 teaspoons black and white sesame seeds<\/span><br \/>\n<span style=\"color: #000000;\">1 bunch fresh coriander \/ cilantro<\/span><br \/>\n<span style=\"color: #000000;\">1 bunch fresh mint<\/span><br \/>\n<span style=\"color: #000000;\">2-3 limes<\/span><\/p>\n<p>&nbsp;<\/p>\n<p><strong><span style=\"color: #000000;\">Preparation:<\/span><\/strong><\/p>\n<p><span style=\"color: #000000;\">Saut\u00e9e your steak in a pan on each side and let it cool down totally generously sprinkled with lime juice.<\/span><br \/>\n<span style=\"color: #000000;\">Bash the lemongrass and chop them finely. Slice the shallots and the galangal as fine as possible. Cut the cucumbers lengthwise, take off the watery core with a teaspoon, cut them into half-moon shaped slices. Slice the chilies finely, if you cut first lengthwise, from the inside you can take off the grain and the seeds to make the less hot.<\/span><br \/>\n<span style=\"color: #000000;\">In a salad bowl mix the juiced limes, grate in the ginger, add the fish sauce, the soy sauce, the sesame seed oil, the chilies and the finely chopped stalks of the whole bunch of coriander\/cilantro. Add in some brown sugar to your liking.<\/span><br \/>\n<span style=\"color: #000000;\">Toss in well the salad mix and all the veggies and serve immediately. Slice nice cuts of your steak and place onto the salad. Sprinkle generously with coriander and mint leaves, drizzle on the remaining sauce from the salad bowl and sprinkle the top with some sesame seeds.<\/span>[\/vc_column_text][\/vc_column][\/vc_row][vc_row][vc_column][vc_empty_space height=&#8221;50px&#8221;]<div class=\"qodef-shortcode qodef-m  qodef-separator clear \">\n\t<div class=\"qodef-m-line\" ><\/div>\n<\/div>[\/vc_column][\/vc_row][vc_row][vc_column width=&#8221;1\/4&#8243;][vc_empty_space height=&#8221;100px&#8221;][vc_single_image image=&#8221;6363&#8243; img_size=&#8221;450&#215;600&#8243; alignment=&#8221;center&#8221; style=&#8221;vc_box_shadow_3d&#8221; onclick=&#8221;link_image&#8221;][\/vc_column][vc_column width=&#8221;3\/4&#8243;][vc_column_text]<\/p>\n<h5><span style=\"color: #000000;\"><strong>Farm chicken breast, creamy mustard sauce<\/strong><\/span><\/h5>\n<p><span style=\"color: #000000;\"><strong>Ingredients:<\/strong><\/span><\/p>\n<p><span style=\"color: #000000;\">2 farm chicken breasts<\/span><br \/>\n<span style=\"color: #000000;\">2 tbsp Dijon mustard<\/span><br \/>\n<span style=\"color: #000000;\">2 tbsp mustard with grains<\/span><br \/>\n<span style=\"color: #000000;\">1 shallot<\/span><br \/>\n<span style=\"color: #000000;\">1 clove garlic<\/span><br \/>\n<span style=\"color: #000000;\">salt<\/span><br \/>\n<span style=\"color: #000000;\">freshly ground black pepper<\/span><br \/>\n<span style=\"color: #000000;\">4 tbsp heavy cream<\/span><br \/>\n<span style=\"color: #000000;\">6 cl dry white wine (we have used the winery\u2019s Kabar Vinnai 2019)<\/span><br \/>\n<span style=\"color: #000000;\">1 tbsp butter<\/span><br \/>\n<span style=\"color: #000000;\">1 tbsp vegetable oil<\/span><\/p>\n<p>&nbsp;<\/p>\n<p><span style=\"color: #000000;\"><strong>Preparation:<\/strong><\/span><\/p>\n<p><span style=\"color: #000000;\">Dress the chicken breasts, take off any excess fat or skin, but leave the skin on. Season with salt and pepper.<\/span><br \/>\n<span style=\"color: #000000;\">Heat a pan until hot with the oil, pan sear the breasts first on the skin side until nice golden brown, then turn on the other side and repeat the process. Preheat the oven to 100\u00b0C and put in the chicken breast to rest in the pan until the sauce is ready.<\/span><br \/>\n<span style=\"color: #000000;\">Heat the butter in a saucepan, add in the finely chopped shallot and garlic, let it sweat slowly. Once the shallots are translucid, put the heat to high, stir in the mustards, fry a bit until it sticks a bit to the bottom of the pan. Add in the wine and get 2\/3 of it evaporated. Finish with the heavy cream, season to taste. If the sauce is too thick, use some tablespoons of chicken stock.<\/span><br \/>\n<span style=\"color: #000000;\">Cut nice slices of the breasts, cover half with the sauce and taste with the wine used for the sauce. As a garnish, you can have a nice thick pur\u00e9e or some rice with it.<\/span>[\/vc_column_text][\/vc_column][\/vc_row][vc_row][vc_column][vc_empty_space height=&#8221;50px&#8221;]<div class=\"qodef-shortcode qodef-m  qodef-separator clear \">\n\t<div class=\"qodef-m-line\" ><\/div>\n<\/div>[\/vc_column][\/vc_row][vc_row][vc_column width=&#8221;1\/3&#8243;][vc_column_text]<a href=\"http:\/\/www.bor.hu\"><img loading=\"lazy\" decoding=\"async\" class=\"aligncenter wp-image-5589 size-full\" src=\"https:\/\/www.fuleky-tokaj.hu\/eng\/wp-content\/uploads\/2021\/02\/Wines-os-Hungary-2-e1614273359552.png\" alt=\"\" width=\"216\" height=\"92\" \/><\/a>[\/vc_column_text][\/vc_column][vc_column width=&#8221;1\/3&#8243;][vc_column_text]<img loading=\"lazy\" decoding=\"async\" class=\"aligncenter wp-image-5944 size-full\" src=\"https:\/\/www.fuleky-tokaj.hu\/eng\/wp-content\/uploads\/2022\/02\/umvp_logo_fekvo-300x92-1.png\" alt=\"\" width=\"300\" height=\"92\" \/>[\/vc_column_text][\/vc_column][vc_column width=&#8221;1\/3&#8243;][vc_column_text]<a href=\"https:\/\/www.wineinmoderation.eu\/\"><img loading=\"lazy\" decoding=\"async\" class=\"aligncenter wp-image-5588 size-full\" src=\"https:\/\/www.fuleky-tokaj.hu\/wp-content\/uploads\/2021\/02\/WiM_Baseline-inside_Gradient-e1614266304655.png\" alt=\"\" width=\"300\" height=\"86\" \/><\/a>[\/vc_column_text][\/vc_column][\/vc_row][vc_row][vc_column][vc_empty_space]<div class=\"qodef-shortcode qodef-m  qodef-separator clear \">\n\t<div class=\"qodef-m-line\" ><\/div>\n<\/div>[\/vc_column][\/vc_row]<\/p>\n","protected":false},"excerpt":{"rendered":"<p>[vc_row][vc_column][\/vc_column][\/vc_row][vc_row][vc_column][vc_column_text css=&#8221;.vc_custom_1645533676352{background-color: #ddce9b !important;background-position: center !important;background-repeat: no-repeat !important;background-size: cover !important;border-radius: 5px !important;}&#8221;] F\u00dcLEKY TOKAJI KABAR VINNAI 2019 \u2013 Tarcal \u2013 [\/vc_column_text][vc_column_text] (750 ml) [\/vc_column_text][\/vc_column][\/vc_row][vc_row content_text_alignment=&#8221;k\u00f6z\u00e9p&#8221;][vc_column width=&#8221;2\/3&#8243;][vc_empty_space height=&#8221;20px&#8221;][vc_column_text] * Winelovers 2023: Silver Medal &nbsp; Kabar is the youngest grape variety between the six licensed grapes of Tokaj Region. It\u2019s a cross of H\u00e1rslevel\u0171 and Bouvier, an [&hellip;]<\/p>\n","protected":false},"author":1,"featured_media":0,"parent":5846,"menu_order":5,"comment_status":"closed","ping_status":"closed","template":"","meta":{"_monsterinsights_skip_tracking":false,"_monsterinsights_sitenote_active":false,"_monsterinsights_sitenote_note":"","_monsterinsights_sitenote_category":0,"footnotes":""},"class_list":["post-5977","page","type-page","status-publish","hentry"],"_links":{"self":[{"href":"https:\/\/www.fuleky-tokaj.hu\/eng\/wp-json\/wp\/v2\/pages\/5977","targetHints":{"allow":["GET"]}}],"collection":[{"href":"https:\/\/www.fuleky-tokaj.hu\/eng\/wp-json\/wp\/v2\/pages"}],"about":[{"href":"https:\/\/www.fuleky-tokaj.hu\/eng\/wp-json\/wp\/v2\/types\/page"}],"author":[{"embeddable":true,"href":"https:\/\/www.fuleky-tokaj.hu\/eng\/wp-json\/wp\/v2\/users\/1"}],"replies":[{"embeddable":true,"href":"https:\/\/www.fuleky-tokaj.hu\/eng\/wp-json\/wp\/v2\/comments?post=5977"}],"version-history":[{"count":17,"href":"https:\/\/www.fuleky-tokaj.hu\/eng\/wp-json\/wp\/v2\/pages\/5977\/revisions"}],"predecessor-version":[{"id":6830,"href":"https:\/\/www.fuleky-tokaj.hu\/eng\/wp-json\/wp\/v2\/pages\/5977\/revisions\/6830"}],"up":[{"embeddable":true,"href":"https:\/\/www.fuleky-tokaj.hu\/eng\/wp-json\/wp\/v2\/pages\/5846"}],"wp:attachment":[{"href":"https:\/\/www.fuleky-tokaj.hu\/eng\/wp-json\/wp\/v2\/media?parent=5977"}],"curies":[{"name":"wp","href":"https:\/\/api.w.org\/{rel}","templated":true}]}}