{"id":5678,"date":"2021-02-26T10:31:59","date_gmt":"2021-02-26T10:31:59","guid":{"rendered":"https:\/\/www.fuleky-tokaj.hu\/?page_id=5678"},"modified":"2022-05-13T07:34:07","modified_gmt":"2022-05-13T07:34:07","slug":"tokaj","status":"publish","type":"page","link":"https:\/\/www.fuleky-tokaj.hu\/eng\/tokaj\/","title":{"rendered":"Tokaj"},"content":{"rendered":"<p>[vc_row][vc_column][vc_empty_space height=&#8221;50px&#8221;]<div class=\"qodef-shortcode qodef-m  qodef-workflow\">\n\t\n\t<div class=\"qodef-e-workflow-image\">\n\t\t<img loading=\"lazy\" decoding=\"async\" width=\"349\" height=\"200\" src=\"https:\/\/www.fuleky-tokaj.hu\/eng\/wp-content\/uploads\/2019\/08\/h4-slide-img-1-e1614336336250.png\" class=\"attachment-full size-full\" alt=\"d\" srcset=\"https:\/\/www.fuleky-tokaj.hu\/eng\/wp-content\/uploads\/2019\/08\/h4-slide-img-1-e1614336336250.png 349w, https:\/\/www.fuleky-tokaj.hu\/eng\/wp-content\/uploads\/2019\/08\/h4-slide-img-1-e1614336336250-300x172.png 300w\" sizes=\"auto, (max-width: 349px) 100vw, 349px\" \/>\t<\/div>\n\t\n\t\t\t\n\t\t<div class=\"qodef-e-workflow-item\">\n\t\t\t<div class=\"qodef-e-workflow-item-inner\">\n\t\t\t\t\n\t\t\t\t<div class=\"qodef-e-workflow-text\">\n\t\t\t\t\t<p class=\"qodef-e-subtitle\"><\/p>\n\t\t\t\t\t<h5 class=\"qodef-e-title\">TOKAJI WINE REGION<\/h5>\n\t\t\t\t\t<p class=\"qodef-e-text\">The Tokaj Wine Region is at the confluence of the rivers Tisza and Bodrog, in the northeast of Hungary, 220 km from Budapest. The natural boundaries form a triangle between Kopasz-hegy (\u201cBald Hill\u201d) to the south in Tokaj, V\u00e1r-hegy (\u201cCastle Hill\u201d) to the east in S\u00e1toralja\u00fajhely and S\u00e1tor-hegy (\u201cTent Hill\u201d) to the northwest in Aba\u00fajsz\u00e1nt\u00f3.<\/p>\n\t\t\t\t<\/div>\n\t\t\t\n\t\t\t<\/div>\n\t\t<\/div>\n\t\t\t\n\t\t<div class=\"qodef-e-workflow-item\">\n\t\t\t<div class=\"qodef-e-workflow-item-inner\">\n\t\t\t\t\n\t\t\t\t<div class=\"qodef-e-workflow-text\">\n\t\t\t\t\t<p class=\"qodef-e-subtitle\"><\/p>\n\t\t\t\t\t<h5 class=\"qodef-e-title\"><\/h5>\n\t\t\t\t\t<p class=\"qodef-e-text\">When the UNESCO World Heritage Committee declared the wine region part of the World Heritage in 2002, it recognised the unique winemaking assets as well as the knowledge and value of the centuries-old culture in the Tokaj Wine Region. The foundations for the natural and human resources are:<\/p>\n\t\t\t\t<\/div>\n\t\t\t\n\t\t\t<\/div>\n\t\t<\/div>\n\t\n<\/div>[vc_empty_space height=&#8221;50px&#8221;][vc_column_text]<\/p>\n<ul>\n<li>the climate and microclimates that are significantly influenced by the bordering rivers (Bodrog, Tisza) and the wet, swampy areas they create; the climatic conditions that assist microclimates suitable for the asz\u00fa berry development regularly occur in the region during autumn<\/li>\n<li>the location along the southern, south-eastern edge of the Zempl\u00e9n Hills and the topographical conditions protect vineyards from extreme northern colds<\/li>\n<li>the volcanic base rocks and soil compositions of the terroirs and vineyards here are extremely varied<\/li>\n<li>the distinctive and characterful local grape varieties: <strong><em>Furmint, Ha\u0301rslevelu\u030b and Sa\u0301rga Muskota\u0301ly (with much smaller quantities of Ze\u0301ta, Ko\u0308ve\u0301rszo\u030blo\u030b, Kabar)<\/em><\/strong><\/li>\n<li>the unique winemaking, storage and aging techniques (e.g. Aszu\u0301 making, wine aging in small barrels) are found nowhere else in the world<\/li>\n<li>the hard-working local population have cultivated vines and made wines for centuries.<\/li>\n<\/ul>\n<p>The wine region is located at latitude: 48\u00b07\u2019 and 48\u00b030\u2019, longitude: 21\u00b010\u2019 and 21\u00b040\u2019.[\/vc_column_text][vc_empty_space height=&#8221;50px&#8221;][vc_column_text]<\/p>\n<h4 style=\"text-align: center;\">TYPES TOKAJI WINES<\/h4>\n<p>[\/vc_column_text][vc_empty_space height=&#8221;50px&#8221;][vc_tta_tabs active_section=&#8221;1&#8243; pagination_style=&#8221;outline-square&#8221; css_animation=&#8221;fadeInDown&#8221;][vc_tta_section title=&#8221;Dry white wine&#8221; tab_id=&#8221;1614339496347-5eef557c-c951&#8243;][vc_column_text]<strong><em>Brands: <\/em><\/strong><strong>F\u00fcleky Tokaj, F\u00fcl\u00f6p a K\u00fcl\u00f6nc<\/strong><\/p>\n<p><strong>F\u00fcleky<\/strong> <strong>Tokaj<\/strong> \u2013 our classic wines<br \/>\nEstate wine, a blend of our best vineyards. F\u00fcleky Tokaj overview.<br \/>\nSingle-vineyard wines present and explore the grape varieties and the distinctive F\u00fcleky Tokaj terroirs, all\/many grown in historic First Growth vineyards. F\u00fcleky Tokaj in depth.<\/p>\n<p><strong>F\u00fcl\u00f6p a K\u00fcl\u00f6nc<\/strong> \u2013 more easily understood wines. The range is named after Philip the Stork who stayed in the village for many years (normally they migrate in winter). Introduction to F\u00fcleky Tokaj.[\/vc_column_text][\/vc_tta_section][vc_tta_section title=&#8221;Late harvest wine&#8221; tab_id=&#8221;1614339496371-c7ae3eda-850c&#8221;][vc_column_text]Elegant acidity balances the natural sweetness of overripe, late harvested grapes in deliciously drinkable wines that can be enjoyed as an aperitif or dessert wine.<br \/>\nFun sweetness.[\/vc_column_text][\/vc_tta_section][vc_tta_section title=&#8221;Dry Szamorodni&#8221; tab_id=&#8221;1614340338523-25c20fea-3a65&#8243;][vc_column_text]A dry late harvest wine with intriguing flavours, often including walnut. Barrel-aged under yeast veil in a similar way to sherry or Vin Jaune.<br \/>\nTaste explorations.[\/vc_column_text][\/vc_tta_section][vc_tta_section title=&#8221;Sweet Szamorordni&#8221; tab_id=&#8221;1614340868222-960ec3be-55a2&#8243;][vc_column_text]This sweet late harvest, barrel-aged wine made from bunches with healthy and asz\u00fa berries is a Tokaj speciality. Fresh and dried fruit aromas, refined acidity makes generous sweetness feels more discreet. Extremely food friendly.<br \/>\nSweet and sour sensations.[\/vc_column_text][\/vc_tta_section][vc_tta_section title=&#8221;Asz\u00fa&#8221; tab_id=&#8221;1614340870430-a386761c-e32c&#8221;][vc_column_text]The noble wine that distinguishes Tokaj from the rest of the world. An exceptional sweet style created with truly unique winemaking and enabled by the climate which allows a natural miracle, noble rot. When autumn humidity from the rivers Tisza and Bodrog rises to meet the overripe grapes, Botrytis cinerea can start its magic. As the noble rot develops, warm, sunny and breezy autumn days assist the shrivelling of grapes, which concentrates the natural sugars, harmonious acids and exciting flavours. Hand-selected from the vine, the asz\u00fa grapes are briefly macerated in (fermenting) must or wine before fermentation finishes and the wine is barrel aged in the cellar.<br \/>\nExplosive intensity.<\/p>\n<p>\u201cC\u2019est le roi des vins, et le vin des rois\u201d (King Louis XIV of France)[\/vc_column_text][\/vc_tta_section][vc_tta_section title=&#8221;Esszencia&#8221; tab_id=&#8221;1614340871494-12b24654-d58c&#8221;][vc_column_text]The pure essence of asz\u00fa berries. While individually hand-picked asz\u00fa grapes are collected and stored (before Asz\u00fa is made) they give an incredibly sweet nectar pressed by their own weight. With over 450 g sugar\/litre, it ferments unbelievably slowly until it reaches 1.2-8 % alcohol. A special EU dispensation includes this Tokaji specialty as wine that was once available in pharmacies.<br \/>\nUnctuous luxury.[\/vc_column_text][\/vc_tta_section][\/vc_tta_tabs][vc_column_text]<\/p>\n<h4 style=\"text-align: center;\">TOKAJI CULTURAL LANDSCAPE<\/h4>\n<p style=\"text-align: center;\">Terroir, People, Tokaji wines<\/p>\n<p>[\/vc_column_text][vc_empty_space height=&#8221;20px&#8221;][vc_tta_tabs active_section=&#8221;1&#8243; pagination_style=&#8221;outline-square&#8221; css_animation=&#8221;fadeInDown&#8221;][vc_tta_section title=&#8221;Climate and wine quality&#8221; tab_id=&#8221;1614340771271-83eb86d0-a8c3&#8243;][vc_column_text]Tokaj has its own unique microclimate that is particularly favourable to the development of asz\u00fa berries. The tradition of making naturally sweet wines stretches back to the 16<sup>th<\/sup> century, and high quality dry white wines are also created here.<br \/>\nIt is usually drier in August and early September when the grapes are gradually reaching total ripeness before they become overripe and the berry skins start to wrinkle. Then wetter weather follows, opening the way for Botrytis cinerea to spread, the fungus necessary for the asz\u00fa berry development.<br \/>\nThe Tokaj Wine Region is one of the few wine regions in the world where Botrytis has a beneficial effect, one called noble rot by our ancestors.<br \/>\nDuring the noble rot process the Botrytis cinerea multiplies on the ripe grape, initiating a very special overripening process. With the loss of a significant amount of water, the noble rot grape reaches an incredibly high sugar content (55-65 %), while the rise in acidity is lower as the noble fungus causes a natural reduction in acidity. At the same time the noble rot enriches the wine with Botrytis aromas, resulting in honey aroma components with flowers and fresh and\/or dried fruits (linden, acacia, apricot, quince).[\/vc_column_text][\/vc_tta_section][vc_tta_section title=&#8221;Soil conditions and wine quality&#8221; tab_id=&#8221;1614340771337-b3bb0586-59a1&#8243;][vc_column_text]The influence of the bedrock and soils are an important factor in the quality of Tokaji wine specialties and wines. The volcanic bedrock of the Zempl\u00e9n Hills and the diversity of tuffs that cover them create an extremely varied terroir in terms of geology. In some places you can find three types of tuff remnants. Together with the soil depth, these influence the life conditions for the vines.<\/p>\n<p>Most of the most famous historic vineyards in the Tokaj Wine Region are at higher altitudes, and the soils contain tuff remnants and other rock fragments. Here the soils are even richer in potassium, magnesium and many other trace elements. Some 5 % of the region (mainly Tarcal, Tokaj) is covered by a layer of loess which heats up more quickly, so the growing season starts earlier. As in other great wine regions, these factors mean the region is also excellent for single-vineyard wines too. In many wines soil conditions have a direct effect on wine quality and appear as mineral flavours in the wine.[\/vc_column_text][\/vc_tta_section][vc_tta_section title=&#8221;Aging in small barrels in traditional underground cellars&#8221; tab_id=&#8221;1614340771424-bac645af-d627&#8243;][vc_column_text]In addition to its natural assets, the Tokaj Wine Region has yet another special feature, one created and formed by human hand, one that plays an essential role in wine aging: the cellars. Most of the cellars were carved into tuff, and they have a fairly stable year-round temperature that only moves between 8-12 \u00b0C. The walls of these cellars that have an excellent climate are thickly covered with noble cellar mould \/ Cladosporium cellare \/ that also acts as an important regulator of the humidity of the cellar air.<br \/>\nThe wood of the sessile oak forests in the higher regions of the Zempl\u00e9n Hills is a special value as it is an excellent material for making wine barrels. As we know, the material of the barrel significantly influences the aging process of the wine and has an effect on the aromas and colour of the wine too. You could say the wine and barrel form a unique combination here in the Tokaj Wine Region where, in contrast to some other winemaking areas in the world, we do not have to transport the raw material for the barrels from far away. The land itself produces the wood, and from earliest times it has contributed to achieving genuine quality.<\/p>\n<p>&nbsp;<\/p>\n<p>[\/vc_column_text][\/vc_tta_section][\/vc_tta_tabs][vc_tta_tabs active_section=&#8221;1&#8243; pagination_style=&#8221;outline-square&#8221; css_animation=&#8221;fadeInDown&#8221;][vc_tta_section tab_id=&#8221;1614341509135-b0aa95d1-8259&#8243; title=&#8221;HISTORY OF THE TOKAJ WINE REGION IN A NUTSHELL&#8221;][vc_column_text]13<sup>th<\/sup> century: traditions of grape production in Tokaj have been mentioned in documents since the 13<sup>th<\/sup> century.<\/p>\n<p>1550 \u2013 1560: Tokaji wine broke onto the domestic and international wine markets. Increase in quality. Polish merchants appeared in the wine region. The Austrian imperial court purchased Tokaji wine from the mid-16<sup>th<\/sup> century and for generations after.<\/p>\n<p>1571: The first written reference to Aszu\u0301 (as <em>asz\u00fabor<\/em>, literally, Asz\u00fa wine) in a Garay family inventory dated 15<sup>th<\/sup> May.<\/p>\n<p>17<sup>th<\/sup> century: The name of Tokaj spread ever wider on the wine market. Almost one third of the wine production went to the export market. The Polish and Russian export increased steadily, gradually becoming of definitive importance in the wine region.<\/p>\n<p>1631: Reformed minister Ma\u0301te\u0301 Szepsi Laczko\u0301 (1576-1632) made the first Aszu\u0301 from grapes grown in the Oremus-du\u030blo\u030b in Sa\u0301toraljau\u0301jhely for Zsuzsanna Lo\u0301ra\u0301ntffy, Princess Consort of Transylvania.<\/p>\n<p>1616 \u2013 1660: The Ra\u0301ko\u0301czi Age. It was in this period, its Golden Age, that Tokaj grape cultivation took on the face we see to this day. R\u00e1k\u00f3czi, the Prince of Transylvania owned numerous cellars and also had several mansions built in the wine region.<\/p>\n<p>1655: A decree was passed in Parliament on the harvest with selection of asz\u00fa berries.<\/p>\n<p>18<sup>th<\/sup> century: King Louis XIV of France praised the Asz\u00fa wine he received from Ferenc II Ra\u0301ko\u0301czi with his famous saying: \u201cC\u2019est le roi des vins, et le vin des rois\u201d (\u201c<em>It is the king of wines, the wine of kings<\/em>\u201d). They started to call the area Tokaj-hegyalja (<em>Tokaj Foothills<\/em>), and, for ease of understanding, the wine became known as Tokaji wine.<\/p>\n<p>1737: Regulation of Tokaj and delimitation of the boundary of the wine region. The foundation for protection of origin was established, the first of designation of origin in Europe, indeed in the world.<\/p>\n<p>1857: The body became known as Tokaj-hegyaljai Bormi\u0301velo\u030b Egyesu\u0308le\u0301t (Tokaj-Hegyalja Wine-Grower Association) and it was primarily an organisation and lobbyist\/representative of vine cultivation and winemaking.<\/p>\n<p>1886: Phylloxera appeared and in under 10 years around 90 % of the vines died. The first international court case was held in this period in which Tokaj producers managed to protect the Tokaj name in court.<\/p>\n<p>1920 \u2013 1950: Tokaji Asz\u00fa wine is listed in the pharmacopoeia.<\/p>\n<p>1936: The process of Aszu\u0301-making is precisely recorded in a legal manner.<\/p>\n<p>1950 \u2013 1990: The state winemaking company Tokaj-hegyaljai A\u0301llami Gazdasa\u0301gi Borkombina\u0301t, the predecessor to Tokaj Kereskedo\u030bha\u0301z (Tokaj Trading House), was founded with the unification of numerous state estates and state wineries. The state winery purchased grapes from small producers, organised production and trade.<\/p>\n<p>1990: The start of privatisation in the Tokaj Wine Region.<\/p>\n<p>1993: Conclusion of the Agreement between the European Community and the Republic of Hungary regarding the reciprocal protection and regulation of wine names (Council Decision of 23 November 1993) on the reciprocal protection of designations of origin, including the exclusive use in Hungary of the name &#8222;Tokaj&#8221; and its derivatives, as well as the protection of the name &#8222;Tokaj&#8221; in respect to wines from Alsace and Venezia-Friuli-Giulia which bore the Tocai and Tokay variety denominations and had a moratorium until 31 March 2007.<\/p>\n<p>2002: The UNESCO World Heritage Committee included the Tokaj Wine Region as a Cultural Landscape on the World Heritage list.<\/p>\n<p>2004: The wine law stipulates the name Asz\u00fa is to be used exclusively in the Tokaj Wine Region. The name of the wine region was changed from Tokaj-hegyaljai borvide\u0301k (Tokaj-hegyaljai Wine Region) to Tokaji Borvide\u0301k (Tokaj Wine Region).<\/p>\n<p><em>(Source: TOKAJ PDO product description)<\/em><\/p>\n<p>&nbsp;<\/p>\n<p>&nbsp;<\/p>\n<p>&nbsp;<\/p>\n<p>[\/vc_column_text][\/vc_tta_section][\/vc_tta_tabs][\/vc_column][\/vc_row][vc_row][vc_column]<div class=\"qodef-shortcode qodef-m  qodef-separator clear \">\n\t<div class=\"qodef-m-line\" ><\/div>\n<\/div>[\/vc_column][\/vc_row][vc_row][vc_column width=&#8221;1\/3&#8243;][vc_column_text]<a href=\"https:\/\/bor.hu\/\" target=\"_blank\" rel=\"noopener noreferrer\"><img loading=\"lazy\" decoding=\"async\" class=\"aligncenter wp-image-5589 size-full\" src=\"https:\/\/www.fuleky-tokaj.hu\/eng\/wp-content\/uploads\/2021\/02\/Wines-os-Hungary-2-e1614273359552.png\" alt=\"\" width=\"216\" height=\"92\" \/><\/a>[\/vc_column_text][\/vc_column][vc_column width=&#8221;1\/3&#8243;][vc_column_text]<img loading=\"lazy\" decoding=\"async\" class=\"aligncenter size-full wp-image-4873\" src=\"https:\/\/www.fuleky-tokaj.hu\/eng\/wp-content\/uploads\/2020\/09\/umvp_logo_fekvo-300x92-1.png\" alt=\"\" width=\"300\" height=\"92\" \/>[\/vc_column_text][\/vc_column][vc_column width=&#8221;1\/3&#8243;][vc_column_text]<a href=\"https:\/\/www.wineinmoderation.eu\/\" target=\"_blank\" rel=\"noopener noreferrer\"><img loading=\"lazy\" decoding=\"async\" class=\"aligncenter size-medium wp-image-5588\" src=\"https:\/\/www.fuleky-tokaj.hu\/wp-content\/uploads\/2021\/02\/WiM_Baseline-inside_Gradient-300x86.png\" alt=\"\" width=\"300\" height=\"86\" \/><\/a>[\/vc_column_text][\/vc_column][\/vc_row][vc_row][vc_column][vc_empty_space height=&#8221;24px&#8221;]<div class=\"qodef-shortcode qodef-m  qodef-separator clear \">\n\t<div class=\"qodef-m-line\" ><\/div>\n<\/div>[\/vc_column][\/vc_row]<\/p>\n","protected":false},"excerpt":{"rendered":"<p>[vc_row][vc_column][vc_empty_space height=&#8221;50px&#8221;][vc_empty_space height=&#8221;50px&#8221;][vc_column_text] the climate and microclimates that are significantly influenced by the bordering rivers (Bodrog, Tisza) and the wet, swampy areas they create; the climatic conditions that assist microclimates suitable for the asz\u00fa berry development regularly occur in the region during autumn the location along the southern, south-eastern edge of the Zempl\u00e9n Hills and [&hellip;]<\/p>\n","protected":false},"author":1,"featured_media":0,"parent":0,"menu_order":0,"comment_status":"closed","ping_status":"open","template":"","meta":{"_monsterinsights_skip_tracking":false,"_monsterinsights_sitenote_active":false,"_monsterinsights_sitenote_note":"","_monsterinsights_sitenote_category":0,"footnotes":""},"class_list":["post-5678","page","type-page","status-publish","hentry"],"_links":{"self":[{"href":"https:\/\/www.fuleky-tokaj.hu\/eng\/wp-json\/wp\/v2\/pages\/5678","targetHints":{"allow":["GET"]}}],"collection":[{"href":"https:\/\/www.fuleky-tokaj.hu\/eng\/wp-json\/wp\/v2\/pages"}],"about":[{"href":"https:\/\/www.fuleky-tokaj.hu\/eng\/wp-json\/wp\/v2\/types\/page"}],"author":[{"embeddable":true,"href":"https:\/\/www.fuleky-tokaj.hu\/eng\/wp-json\/wp\/v2\/users\/1"}],"replies":[{"embeddable":true,"href":"https:\/\/www.fuleky-tokaj.hu\/eng\/wp-json\/wp\/v2\/comments?post=5678"}],"version-history":[{"count":5,"href":"https:\/\/www.fuleky-tokaj.hu\/eng\/wp-json\/wp\/v2\/pages\/5678\/revisions"}],"predecessor-version":[{"id":6507,"href":"https:\/\/www.fuleky-tokaj.hu\/eng\/wp-json\/wp\/v2\/pages\/5678\/revisions\/6507"}],"wp:attachment":[{"href":"https:\/\/www.fuleky-tokaj.hu\/eng\/wp-json\/wp\/v2\/media?parent=5678"}],"curies":[{"name":"wp","href":"https:\/\/api.w.org\/{rel}","templated":true}]}}