{"id":3134,"date":"2018-02-27T10:02:46","date_gmt":"2018-02-27T10:02:46","guid":{"rendered":"http:\/\/www.tokaj.org\/hu\/?page_id=3134"},"modified":"2022-04-22T12:45:54","modified_gmt":"2022-04-22T12:45:54","slug":"fulopthephenomenon","status":"publish","type":"page","link":"https:\/\/www.fuleky-tokaj.hu\/eng\/fulopthephenomenon\/","title":{"rendered":"F\u00dcL\u00d6P the PHENOMENON"},"content":{"rendered":"<p>[vc_row][vc_column width=&#8221;1\/2&#8243;][vc_column_text]<\/p>\n<h6>F\u00fcl\u00f6p g\u00f3lya Spanyolorsz\u00e1gban, az Ebro foly\u00f3 v\u00f6lgy\u00e9ben sz\u00fcletett 2003-ban. Nem tudni, valaha elhagyta-e Eur\u00f3p\u00e1t, de az biztos, hogy 2006 \u00f3ta Bodrogkereszt\u00faron \u00e9s k\u00f6rny\u00e9k\u00e9n \u00e9l. Felnevelt 34 fi\u00f3k\u00e1t, p\u00e1rja mindig elvonult, de \u0151 maradt. T\u00e9len k\u00e9m\u00e9nyeken melegszik, a Bodrog viz\u00e9b\u0151l iszik, pockokra vad\u00e1szik \u00e9s \u00f6v\u00e9 a k\u00f6rny\u00e9k \u00f6sszes g\u00f3lyaf\u00e9szke.<\/h6>\n<h6>Ezt a friss, ropog\u00f3s sz\u00e1raz Tokajit \u00e9s eleg\u00e1ns savainak k\u00f6sz\u00f6nhet\u0151en k\u00f6nnyed, k\u00e9s\u0151i sz\u00fcretel\u00e9s\u0171 Tokajit k\u00fcl\u00f6nc g\u00f3ly\u00e1nk tisztelet\u00e9re palackoztuk, aki 2018-ban \u00fcnnepli 15. sz\u00fclet\u00e9snapj\u00e1t.<\/h6>\n<p>[\/vc_column_text][\/vc_column][vc_column width=&#8221;1\/2&#8243;][vc_single_image image=&#8221;3251&#8243; img_size=&#8221;500*737&#8243;][\/vc_column][\/vc_row][vc_row][vc_column][vc_empty_space][vc_column_text]<strong>A bev\u00e9telb\u0151l Bodrogkereszt\u00far \u00e9s k\u00f6rny\u00e9ke g\u00f3lyaf\u00e9szkeinek karbantart\u00e1s\u00e1t, g\u00f3lyaf\u00e9szek \u00e1llv\u00e1nyok k\u00e9sz\u00edt\u00e9s\u00e9t \u00e9s mad\u00e1rv\u00e9d\u0151 elektromos szigetel\u00e9sek felhelyez\u00e9s\u00e9t t\u00e1mogatjuk.<\/strong>[\/vc_column_text][vc_empty_space][vc_separator][vc_gallery type=&#8221;image_grid&#8221; images=&#8221;5223,5226,5221,5222,5224,5225&#8243; img_size=&#8221;400*400&#8243; css_animation=&#8221;none&#8221;][vc_separator][vc_empty_space][\/vc_column][\/vc_row][vc_row][vc_column][vc_column_text]<\/p>\n<h6><em>\u201c<strong>15 \u00e9ves F\u00fcl\u00f6p, a borogkereszt\u00fari \u201ct\u00e9li\u201d g\u00f3lya!<\/strong><\/em><\/h6>\n<p><em>2003-ban kelt ki a toj\u00e1sb\u00f3l, \u00e9s 2006 \u00f3ta lakik a Bodrog foly\u00f3 ment\u00e9n F\u00fcl\u00f6p, a feh\u00e9r g\u00f3lya, aki az eltelt 12 \u00e9v alatt minden telet Magyarorsz\u00e1gon t\u00f6lt\u00f6tte!<br \/>\nMindezt onnan tudjuk, hogy 2003.06.07-\u00e9n fi\u00f3kak\u00e9nt egy olasz g\u00f3lyakutat\u00f3 megjel\u00f6lte sz\u00ednes gy\u0171r\u0171vel \u00c9szak-kelet Spanyolorsz\u00e1gban, az Ebro foly\u00f3 v\u00f6lgy\u00e9ben, Luceni telep\u00fcl\u00e9sen l\u00e9v\u0151 g\u00f3lyaf\u00e9szekben.<br \/>\nA jel\u00f6l\u00e9se,a feh\u00e9r alapon fekete karakter\u0171 m\u0171anyag gy\u0171r\u0171j\u00e9nek k\u00f3dj\u00e1t k\u00f6nny\u0171 egy k\u00e9zi t\u00e1vcs\u0151vel, vagy f\u00e9nyk\u00e9pr\u0151l, de ak\u00e1r szabad szemmel is leolvasni, \u00edgy nem neh\u00e9z a mad\u00e1r nyomon k\u00f6vet\u00e9se.<br \/>\n2008.10.05-\u00e9n Kenderesen is l\u00e1tt\u00e1k, ez volt az ismert legt\u00e1volabbi \u201ekir\u00e1ndul\u00e1sa\u201d, de azt a 2008-09-es telet is Bodrogkereszt\u00faron t\u00f6lt\u00f6tte. Id\u00e9n m\u00e1jusban t\u00f6lti be a 15. \u00e9let\u00e9v\u00e9t!<br \/>\n\u201eHonfit\u00e1rsai\u201d k\u00f6z\u00f6tt gyakori jelens\u00e9g a f\u00e9szkel\u0151 helyen t\u00f6rt\u00e9n\u0151 telel\u00e9s, ami nem csak az enyh\u00e9bb t\u00e9l, de a szem\u00e9ttelepek ny\u00fajtotta \u00e1lland\u00f3 t\u00e1pl\u00e1lkoz\u00e1si lehet\u0151s\u00e9g miatt is adott. A gy\u0171r\u0171 karaktereinek kezd\u0151 bet\u0171je \u00e9s a Spanyol tr\u00f3n\u00f6r\u00f6k\u00f6s (2014 \u00f3ta kir\u00e1ly) ut\u00e1n F\u00fcl\u00f6p n\u00e9vre keresztelt h\u00edm g\u00f3lya l\u00e9gvonalban sz\u00e1m\u00edtva a kikel\u00e9si hely\u00e9t\u0151l 1905 km-re v\u00e1lasztott mag\u00e1nak lak\u00f3helyet. \u0150 az els\u0151 ismert feh\u00e9r g\u00f3lya Magyarorsz\u00e1gon, akit Spanyolorsz\u00e1gban gy\u0171r\u0171ztek. Ez az\u00e9rt is \u00e9rdekes, mert a nyugat-eur\u00f3pai g\u00f3ly\u00e1k a Gibralt\u00e1ri-szoroson \u00e1t \u00e9rik el Afrik\u00e1t, s t\u00f6bbnyire nem vet\u0151dnek el Eur\u00f3pa k\u00f6z\u00e9ps\u0151 \u00e9s keleti ter\u00fcleteire, s f\u00e9szkelni is Nyugat-Eur\u00f3p\u00e1ba t\u00e9rnek vissza!<br \/>\nMindig emberi seg\u00edts\u00e9g n\u00e9lk\u00fcl v\u00e9szeli \u00e1t a telet, amint a f\u00f6ldeken dolgozik egy traktor, mindj\u00e1rt m\u00f6g\u00f6tte gyalogol. Sokat j\u00e1r pockok ut\u00e1n a lucern\u00e1sokon, kasz\u00e1l\u00f3kon. Inni a Bodrogra \u00e9s az \u00e1rt\u00e9ri v\u00edzfoltokra megy, nagy fagyok eset\u00e9n a kompn\u00e1l mindig tal\u00e1l szabad v\u00edzfelsz\u00ednt. -10 C fok alatti fagyokban f\u0171t\u00f6tt k\u00e9m\u00e9nyeken melegszik, s t\u00e9len \u00f6v\u00e9 a falu \u00f6sszes g\u00f3lyaf\u00e9szke. Ha nem tal\u00e1l el\u00e9g term\u00e9szetes eledelt, a k\u00f6zeli szem\u00e9ttelepen keresg\u00e9l kieg\u00e9sz\u00edt\u00e9st.<br \/>\nAz eltelt 12 \u00e9vben 4 k\u00fcl\u00f6nb\u00f6z\u0151 f\u00e9szekben k\u00f6lt\u00f6tt, minden \u00e9vben sikeresen rep\u00edtett legal\u00e1bb 1, legfeljebb 5 fi\u00f3k\u00e1t. 2 \u00e9vig Bodrogkisfaludon, a komp k\u00f6zel\u00e9ben l\u00e9v\u0151 f\u00e9szket lakta, 6 \u00e9vig a Bodrogkereszt\u00fari \u00c1ltal\u00e1nos Iskola k\u00e9m\u00e9ny\u00e9n l\u00e9v\u0151 f\u00e9szek volt az otthona, 2014-15-ben pedig a Polg\u00e1rmesteri Hivatallal szembeni villanyoszlopos f\u00e9szekben k\u00f6lt\u00f6tt. 2016-17-ben a Kossuth u. 116. el\u0151tti villanyoszlopon lakott. A 12 k\u00f6lt\u00e9sb\u0151l \u00f6sszesen 34 fi\u00f3k\u00e1t rep\u00edtett!<br \/>\n\u00e9v fi\u00f3ka: 2006 4; 2007 3; 2008 5; 2009 2; 2010 1; 2011 4; 2012 2; 2013 2; 2014 1; 2015 5; 2016 3; 2017 2\u2033<\/em><\/p>\n<p><em><strong>Szerz\u00f6: Serf\u0151z\u0151 J\u00f3zsef<\/strong><br \/>\nANPI \u2013 Zempl\u00e9ni T\u00e1jegys\u00e9g \u2013 term\u00e9szetv\u00e9delmi \u0151r<br \/>\nGolop, 2018.02.15.<\/em>[\/vc_column_text][\/vc_column][\/vc_row]<\/p>\n","protected":false},"excerpt":{"rendered":"<p>[vc_row][vc_column width=&#8221;1\/2&#8243;][vc_column_text] F\u00fcl\u00f6p g\u00f3lya Spanyolorsz\u00e1gban, az Ebro foly\u00f3 v\u00f6lgy\u00e9ben sz\u00fcletett 2003-ban. Nem tudni, valaha elhagyta-e Eur\u00f3p\u00e1t, de az biztos, hogy 2006 \u00f3ta Bodrogkereszt\u00faron \u00e9s k\u00f6rny\u00e9k\u00e9n \u00e9l. Felnevelt 34 fi\u00f3k\u00e1t, p\u00e1rja mindig elvonult, de \u0151 maradt. T\u00e9len k\u00e9m\u00e9nyeken melegszik, a Bodrog viz\u00e9b\u0151l iszik, pockokra vad\u00e1szik \u00e9s \u00f6v\u00e9 a k\u00f6rny\u00e9k \u00f6sszes g\u00f3lyaf\u00e9szke. Ezt a friss, ropog\u00f3s sz\u00e1raz [&hellip;]<\/p>\n","protected":false},"author":1,"featured_media":0,"parent":0,"menu_order":0,"comment_status":"closed","ping_status":"closed","template":"","meta":{"_monsterinsights_skip_tracking":false,"_monsterinsights_sitenote_active":false,"_monsterinsights_sitenote_note":"","_monsterinsights_sitenote_category":0,"footnotes":""},"class_list":["post-3134","page","type-page","status-publish","hentry"],"_links":{"self":[{"href":"https:\/\/www.fuleky-tokaj.hu\/eng\/wp-json\/wp\/v2\/pages\/3134","targetHints":{"allow":["GET"]}}],"collection":[{"href":"https:\/\/www.fuleky-tokaj.hu\/eng\/wp-json\/wp\/v2\/pages"}],"about":[{"href":"https:\/\/www.fuleky-tokaj.hu\/eng\/wp-json\/wp\/v2\/types\/page"}],"author":[{"embeddable":true,"href":"https:\/\/www.fuleky-tokaj.hu\/eng\/wp-json\/wp\/v2\/users\/1"}],"replies":[{"embeddable":true,"href":"https:\/\/www.fuleky-tokaj.hu\/eng\/wp-json\/wp\/v2\/comments?post=3134"}],"version-history":[{"count":2,"href":"https:\/\/www.fuleky-tokaj.hu\/eng\/wp-json\/wp\/v2\/pages\/3134\/revisions"}],"predecessor-version":[{"id":6299,"href":"https:\/\/www.fuleky-tokaj.hu\/eng\/wp-json\/wp\/v2\/pages\/3134\/revisions\/6299"}],"wp:attachment":[{"href":"https:\/\/www.fuleky-tokaj.hu\/eng\/wp-json\/wp\/v2\/media?parent=3134"}],"curies":[{"name":"wp","href":"https:\/\/api.w.org\/{rel}","templated":true}]}}